{"id":4015,"date":"2022-08-04T10:27:36","date_gmt":"2022-08-04T09:27:36","guid":{"rendered":"http:\/\/cereco.net\/web\/?page_id=4015"},"modified":"2022-08-04T10:27:51","modified_gmt":"2022-08-04T09:27:51","slug":"gouvernance","status":"publish","type":"page","link":"https:\/\/cereco.net\/web\/index.php\/gouvernance\/","title":{"rendered":"Gouvernance"},"content":{"rendered":"\n<div class=\"wp-block-media-text alignwide is-stacked-on-mobile\" style=\"grid-template-columns:39% auto\"><figure class=\"wp-block-media-text__media\"><img loading=\"lazy\" width=\"1024\" height=\"768\" src=\"http:\/\/cereco.net\/web\/wp-content\/uploads\/2022\/08\/organigramme-bureau-CERC.jpg\" alt=\"\" class=\"wp-image-4016 size-full\" srcset=\"https:\/\/cereco.net\/web\/wp-content\/uploads\/2022\/08\/organigramme-bureau-CERC.jpg 1024w, https:\/\/cereco.net\/web\/wp-content\/uploads\/2022\/08\/organigramme-bureau-CERC-300x225.jpg 300w, https:\/\/cereco.net\/web\/wp-content\/uploads\/2022\/08\/organigramme-bureau-CERC-627x470.jpg 627w\" sizes=\"(max-width: 1024px) 100vw, 1024px\" \/><\/figure><div class=\"wp-block-media-text__content\">\n<blockquote class=\"wp-block-quote\"><p><strong>Les membres du Bureau<\/strong><\/p><cite>Pr\u00e9sident &#8211; Patrice HALTEBOURG <br>Vice Pr\u00e9sident &#8211; David MAZOYER (DREAL Grand Est) <br>Vice Pr\u00e9sident Secr\u00e9taire &#8211; Daniel CERUTTI (FFB Grand Est)<br>Vice Pr\u00e9sident Tr\u00e9sorier &#8211; Philippe TOFFOLINI (UNICEM Grand Est) <br>Vice Pr\u00e9sident Assesseur &#8211; L\u00e9na\u00efc RAUCH (CAPEB Grand Est) <\/cite><\/blockquote>\n\n\n\n<p><\/p>\n\n\n\n<p><\/p>\n<\/div><\/div>\n","protected":false},"excerpt":{"rendered":"<p>Les membres du Bureau Pr\u00e9sident &#8211; Patrice HALTEBOURG Vice Pr\u00e9sident &#8211; David MAZOYER (DREAL Grand Est) Vice Pr\u00e9sident Secr\u00e9taire &#8211; Daniel CERUTTI (FFB Grand Est)Vice Pr\u00e9sident Tr\u00e9sorier &#8211; Philippe TOFFOLINI (UNICEM Grand Est) Vice Pr\u00e9sident Assesseur &#8211; L\u00e9na\u00efc RAUCH (CAPEB Grand Est)<\/p>\n","protected":false},"author":1,"featured_media":0,"parent":0,"menu_order":0,"comment_status":"closed","ping_status":"closed","template":"","meta":[],"_links":{"self":[{"href":"https:\/\/cereco.net\/web\/index.php\/wp-json\/wp\/v2\/pages\/4015"}],"collection":[{"href":"https:\/\/cereco.net\/web\/index.php\/wp-json\/wp\/v2\/pages"}],"about":[{"href":"https:\/\/cereco.net\/web\/index.php\/wp-json\/wp\/v2\/types\/page"}],"author":[{"embeddable":true,"href":"https:\/\/cereco.net\/web\/index.php\/wp-json\/wp\/v2\/users\/1"}],"replies":[{"embeddable":true,"href":"https:\/\/cereco.net\/web\/index.php\/wp-json\/wp\/v2\/comments?post=4015"}],"version-history":[{"count":1,"href":"https:\/\/cereco.net\/web\/index.php\/wp-json\/wp\/v2\/pages\/4015\/revisions"}],"predecessor-version":[{"id":4017,"href":"https:\/\/cereco.net\/web\/index.php\/wp-json\/wp\/v2\/pages\/4015\/revisions\/4017"}],"wp:attachment":[{"href":"https:\/\/cereco.net\/web\/index.php\/wp-json\/wp\/v2\/media?parent=4015"}],"curies":[{"name":"wp","href":"https:\/\/api.w.org\/{rel}","templated":true}]}}