{"id":1898,"date":"2018-05-17T15:23:27","date_gmt":"2018-05-17T14:23:27","guid":{"rendered":"http:\/\/cereco.net\/web\/?page_id=1898"},"modified":"2022-08-04T10:56:13","modified_gmt":"2022-08-04T09:56:13","slug":"presentation-du-reseau-des-cerc","status":"publish","type":"page","link":"https:\/\/cereco.net\/web\/index.php\/presentation-du-reseau-des-cerc\/","title":{"rendered":"Pr\u00e9sentation du R\u00e9seau des CERC"},"content":{"rendered":"\n<div class=\"wp-block-image\"><figure class=\"aligncenter is-resized\"><img loading=\"lazy\" src=\"http:\/\/cereco.net\/web\/wp-content\/uploads\/2018\/05\/Logo_Reseau_CERC.png\" alt=\"\" class=\"wp-image-1899\" width=\"281\" height=\"111\" srcset=\"https:\/\/cereco.net\/web\/wp-content\/uploads\/2018\/05\/Logo_Reseau_CERC.png 1287w, https:\/\/cereco.net\/web\/wp-content\/uploads\/2018\/05\/Logo_Reseau_CERC-300x119.png 300w, https:\/\/cereco.net\/web\/wp-content\/uploads\/2018\/05\/Logo_Reseau_CERC-1024x405.png 1024w\" sizes=\"(max-width: 281px) 100vw, 281px\" \/><\/figure><\/div>\n\n\n\n<blockquote class=\"wp-block-quote\"><p><strong>Le travail en r\u00e9seau &#8230;<\/strong> &#x1f50a;<\/p><cite>La CERC Grand Est fait partie du r\u00e9seau national des Cellules Economiques R\u00e9gionales de la Construction, organis\u00e9 en GIE depuis 2013. <br>Ensemble, les 16 CERC du territoire m\u00e9tropolitain et des DROM produisent et travaillent sur de nombreuses th\u00e9matiques. <\/cite><\/blockquote>\n\n\n\n<hr class=\"wp-block-separator has-text-color has-background has-pale-cyan-blue-background-color has-pale-cyan-blue-color is-style-default\"\/>\n\n\n\n<blockquote class=\"wp-block-quote\"><p><strong>Les forces singuli\u00e8res du r\u00e9seau <\/strong>&#x1f4aa;&#x1f3fc;<\/p><cite><li>la comparaison des analyses et des travaux entre les r\u00e9gions et entre les niveaux national et r\u00e9gional ; <\/li><br><li>les \u00e9changes d&rsquo;exp\u00e9rience ; <\/li><br><li>la mise en commun de m\u00e9thodologies ; <\/li><br><li>la mutualisation des moyens ; <\/li><br><li>l&rsquo;innovation technique et analytique ; <\/li><br><li>la valorisation des productions des CERC<\/li><\/cite><\/blockquote>\n\n\n\n<hr class=\"wp-block-separator has-text-color has-background has-pale-cyan-blue-background-color has-pale-cyan-blue-color is-style-default\"\/>\n\n\n\n<div class=\"wp-block-media-text alignwide is-stacked-on-mobile\" style=\"grid-template-columns:42% auto\"><figure class=\"wp-block-media-text__media\"><img loading=\"lazy\" width=\"795\" height=\"560\" src=\"http:\/\/cereco.net\/web\/wp-content\/uploads\/2022\/08\/CSF.png\" alt=\"\" class=\"wp-image-4020 size-full\" srcset=\"https:\/\/cereco.net\/web\/wp-content\/uploads\/2022\/08\/CSF.png 795w, https:\/\/cereco.net\/web\/wp-content\/uploads\/2022\/08\/CSF-300x211.png 300w\" sizes=\"(max-width: 795px) 100vw, 795px\" \/><\/figure><div class=\"wp-block-media-text__content\">\n<blockquote class=\"wp-block-quote\"><p><strong>Le catalogue des Savoir-Faire &#8211; \u00e9dition 2022<\/strong><\/p><\/blockquote>\n\n\n\n<p><a href=\"http:\/\/www.cerc-actu.com\/upload\/document\/Catalogue_SF_CERC_edition_mai_2022.pdf\" target=\"_blank\" rel=\"noreferrer noopener\">T\u00e9l\u00e9chargez ici<\/a> et d\u00e9couvrez l&rsquo;expertise CERC<\/p>\n<\/div><\/div>\n\n\n\n<hr class=\"wp-block-separator has-text-color has-background has-pale-cyan-blue-background-color has-pale-cyan-blue-color is-style-default\"\/>\n\n\n\n<blockquote class=\"wp-block-quote\"><p><strong>Le site internet du R\u00e9seau des CERC <\/strong>&#x1f310;<\/p><cite> <a title=\"http:\/\/www.cerc-actu.com\" rel=\"noopener noreferrer\" href=\"http:\/\/www.cerc-actu.com\" target=\"_blank\">http:\/\/www.cerc-actu.com<\/a> <\/cite><\/blockquote>\n","protected":false},"excerpt":{"rendered":"<p>Le travail en r\u00e9seau &#8230; &#x1f50a; La CERC Grand Est fait partie du r\u00e9seau national des Cellules Economiques R\u00e9gionales de la Construction, organis\u00e9 en GIE depuis 2013. Ensemble, les 16 CERC du territoire m\u00e9tropolitain et des DROM produisent et travaillent sur de nombreuses th\u00e9matiques. Les forces singuli\u00e8res du r\u00e9seau &#x1f4aa;&#x1f3fc; la comparaison des analyses et [&hellip;]<\/p>\n","protected":false},"author":1,"featured_media":0,"parent":0,"menu_order":0,"comment_status":"closed","ping_status":"closed","template":"","meta":[],"_links":{"self":[{"href":"https:\/\/cereco.net\/web\/index.php\/wp-json\/wp\/v2\/pages\/1898"}],"collection":[{"href":"https:\/\/cereco.net\/web\/index.php\/wp-json\/wp\/v2\/pages"}],"about":[{"href":"https:\/\/cereco.net\/web\/index.php\/wp-json\/wp\/v2\/types\/page"}],"author":[{"embeddable":true,"href":"https:\/\/cereco.net\/web\/index.php\/wp-json\/wp\/v2\/users\/1"}],"replies":[{"embeddable":true,"href":"https:\/\/cereco.net\/web\/index.php\/wp-json\/wp\/v2\/comments?post=1898"}],"version-history":[{"count":6,"href":"https:\/\/cereco.net\/web\/index.php\/wp-json\/wp\/v2\/pages\/1898\/revisions"}],"predecessor-version":[{"id":4021,"href":"https:\/\/cereco.net\/web\/index.php\/wp-json\/wp\/v2\/pages\/1898\/revisions\/4021"}],"wp:attachment":[{"href":"https:\/\/cereco.net\/web\/index.php\/wp-json\/wp\/v2\/media?parent=1898"}],"curies":[{"name":"wp","href":"https:\/\/api.w.org\/{rel}","templated":true}]}}