{"id":1861,"date":"2018-05-17T10:18:23","date_gmt":"2018-05-17T09:18:23","guid":{"rendered":"http:\/\/cereco.net\/web\/?page_id=1861"},"modified":"2022-08-18T15:51:58","modified_gmt":"2022-08-18T14:51:58","slug":"activite-entretien-renovation","status":"publish","type":"page","link":"https:\/\/cereco.net\/web\/index.php\/activite-entretien-renovation\/","title":{"rendered":"Activit\u00e9 Entretien-r\u00e9novation"},"content":{"rendered":"Vous devez \u00eatre connect\u00e9 pour voir ce contenu.","protected":false},"excerpt":{"rendered":"Vous devez \u00eatre connect\u00e9 pour voir ce contenu.","protected":false},"author":1,"featured_media":0,"parent":0,"menu_order":0,"comment_status":"closed","ping_status":"closed","template":"","meta":[],"_links":{"self":[{"href":"https:\/\/cereco.net\/web\/index.php\/wp-json\/wp\/v2\/pages\/1861"}],"collection":[{"href":"https:\/\/cereco.net\/web\/index.php\/wp-json\/wp\/v2\/pages"}],"about":[{"href":"https:\/\/cereco.net\/web\/index.php\/wp-json\/wp\/v2\/types\/page"}],"author":[{"embeddable":true,"href":"https:\/\/cereco.net\/web\/index.php\/wp-json\/wp\/v2\/users\/1"}],"replies":[{"embeddable":true,"href":"https:\/\/cereco.net\/web\/index.php\/wp-json\/wp\/v2\/comments?post=1861"}],"version-history":[{"count":12,"href":"https:\/\/cereco.net\/web\/index.php\/wp-json\/wp\/v2\/pages\/1861\/revisions"}],"predecessor-version":[{"id":4182,"href":"https:\/\/cereco.net\/web\/index.php\/wp-json\/wp\/v2\/pages\/1861\/revisions\/4182"}],"wp:attachment":[{"href":"https:\/\/cereco.net\/web\/index.php\/wp-json\/wp\/v2\/media?parent=1861"}],"curies":[{"name":"wp","href":"https:\/\/api.w.org\/{rel}","templated":true}]}}