{"id":1847,"date":"2018-05-17T09:51:17","date_gmt":"2018-05-17T08:51:17","guid":{"rendered":"http:\/\/cereco.net\/web\/?page_id=1847"},"modified":"2019-07-19T08:38:29","modified_gmt":"2019-07-19T07:38:29","slug":"comptes-de-production","status":"publish","type":"page","link":"https:\/\/cereco.net\/web\/index.php\/comptes-de-production\/","title":{"rendered":"Comptes de production"},"content":{"rendered":"Vous devez \u00eatre connect\u00e9 pour voir ce contenu.","protected":false},"excerpt":{"rendered":"Vous devez \u00eatre connect\u00e9 pour voir ce contenu.","protected":false},"author":1,"featured_media":0,"parent":0,"menu_order":0,"comment_status":"closed","ping_status":"closed","template":"","meta":[],"_links":{"self":[{"href":"https:\/\/cereco.net\/web\/index.php\/wp-json\/wp\/v2\/pages\/1847"}],"collection":[{"href":"https:\/\/cereco.net\/web\/index.php\/wp-json\/wp\/v2\/pages"}],"about":[{"href":"https:\/\/cereco.net\/web\/index.php\/wp-json\/wp\/v2\/types\/page"}],"author":[{"embeddable":true,"href":"https:\/\/cereco.net\/web\/index.php\/wp-json\/wp\/v2\/users\/1"}],"replies":[{"embeddable":true,"href":"https:\/\/cereco.net\/web\/index.php\/wp-json\/wp\/v2\/comments?post=1847"}],"version-history":[{"count":6,"href":"https:\/\/cereco.net\/web\/index.php\/wp-json\/wp\/v2\/pages\/1847\/revisions"}],"predecessor-version":[{"id":4231,"href":"https:\/\/cereco.net\/web\/index.php\/wp-json\/wp\/v2\/pages\/1847\/revisions\/4231"}],"wp:attachment":[{"href":"https:\/\/cereco.net\/web\/index.php\/wp-json\/wp\/v2\/media?parent=1847"}],"curies":[{"name":"wp","href":"https:\/\/api.w.org\/{rel}","templated":true}]}}