{"id":1833,"date":"2018-05-17T09:38:43","date_gmt":"2018-05-17T08:38:43","guid":{"rendered":"http:\/\/cereco.net\/web\/?page_id=1833"},"modified":"2019-09-26T15:38:28","modified_gmt":"2019-09-26T14:38:28","slug":"batiment-durable","status":"publish","type":"page","link":"https:\/\/cereco.net\/web\/index.php\/batiment-durable\/","title":{"rendered":"B\u00e2timent Durable"},"content":{"rendered":"<p>Afin de suivre la progression du Plan B\u00e2timent Grenelle, la CERC Grand Est, avec le soutien financier de l&rsquo;ADEME et de la R\u00e9gion, ainsi que le partenariat de la DREAL et des ADIL, publie un livrable permettant d&rsquo;\u00e9valuer la situation actuelle du march\u00e9 de la performance \u00e9nerg\u00e9tique et de la qualit\u00e9 environnementale du parc existant.<\/p>\n<p>Ce livrable estime le nombre de m\u00e9nages ayant b\u00e9n\u00e9fici\u00e9 d&rsquo;un dispositif d&rsquo;aides aux travaux de r\u00e9novation \u00e9nerg\u00e9tique, d&rsquo;en chiffrer le montant des travaux, et d&rsquo;\u00e9valuer le nombre de logements <strong>enti\u00e8rement<\/strong> r\u00e9nov\u00e9s pour le parc priv\u00e9 et le parc public. Sont \u00e9galement disponibles les indicateurs d&rsquo;adaptation des entreprises du B\u00e2timent et de la ma\u00eetrise d&rsquo;oeuvre.<\/p>\n<p>Ce document est bas\u00e9 sur la maquette et la m\u00e9thodologie mise \u00e0 disposition par le GIE-R\u00e9seau des CERC.<\/p>\n<p style=\"text-align: center;\"><img loading=\"lazy\" class=\"alignnone wp-image-1841\" src=\"http:\/\/cereco.net\/web\/wp-content\/uploads\/2018\/05\/BBD18.1.jpg\" alt=\"\" width=\"206\" height=\"291\" \/><img loading=\"lazy\" class=\"alignnone wp-image-1842\" src=\"http:\/\/cereco.net\/web\/wp-content\/uploads\/2018\/05\/BBD18.2.jpg\" alt=\"\" width=\"204\" height=\"289\" \/><\/p>\n<p style=\"text-align: center;\"><a href=\"http:\/\/cereco.net\/web\/wp-content\/uploads\/2019\/09\/BBD-Grand-Est2018-vf.pdf\">Barom\u00e8tre B\u00e2timent Durable synth\u00e8se 2018<\/a><br \/>\n<a href=\"http:\/\/cereco.net\/web\/index.php\/download\/batiment-durable-2018\/\">Barom\u00e8tre B\u00e2timent Durable synth\u00e8se 2017<\/a><br \/>\n<a href=\"http:\/\/cereco.net\/web\/wp-content\/uploads\/2018\/05\/BBD-Grand-Est2017.pdf\">Barom\u00e8tre B\u00e2timent Durable synth\u00e8se 2016<\/a><br \/>\n<a href=\"http:\/\/cereco.net\/web\/wp-content\/uploads\/2018\/05\/Synth\u00e8se-BBD-GE.pdf\">Barom\u00e8tre B\u00e2timent Durable synth\u00e8se 2015<\/a><\/p>\n","protected":false},"excerpt":{"rendered":"<p>Afin de suivre la progression du Plan B\u00e2timent Grenelle, la CERC Grand Est, avec le soutien financier de l&rsquo;ADEME et de la R\u00e9gion, ainsi que le partenariat de la DREAL et des ADIL, publie un livrable permettant d&rsquo;\u00e9valuer la situation actuelle du march\u00e9 de la performance \u00e9nerg\u00e9tique et de la qualit\u00e9 environnementale du parc existant. [&hellip;]<\/p>\n","protected":false},"author":1,"featured_media":0,"parent":0,"menu_order":0,"comment_status":"closed","ping_status":"closed","template":"","meta":[],"_links":{"self":[{"href":"https:\/\/cereco.net\/web\/index.php\/wp-json\/wp\/v2\/pages\/1833"}],"collection":[{"href":"https:\/\/cereco.net\/web\/index.php\/wp-json\/wp\/v2\/pages"}],"about":[{"href":"https:\/\/cereco.net\/web\/index.php\/wp-json\/wp\/v2\/types\/page"}],"author":[{"embeddable":true,"href":"https:\/\/cereco.net\/web\/index.php\/wp-json\/wp\/v2\/users\/1"}],"replies":[{"embeddable":true,"href":"https:\/\/cereco.net\/web\/index.php\/wp-json\/wp\/v2\/comments?post=1833"}],"version-history":[{"count":7,"href":"https:\/\/cereco.net\/web\/index.php\/wp-json\/wp\/v2\/pages\/1833\/revisions"}],"predecessor-version":[{"id":4183,"href":"https:\/\/cereco.net\/web\/index.php\/wp-json\/wp\/v2\/pages\/1833\/revisions\/4183"}],"wp:attachment":[{"href":"https:\/\/cereco.net\/web\/index.php\/wp-json\/wp\/v2\/media?parent=1833"}],"curies":[{"name":"wp","href":"https:\/\/api.w.org\/{rel}","templated":true}]}}