{"id":1078,"date":"2016-01-26T16:15:48","date_gmt":"2016-01-26T15:15:48","guid":{"rendered":"http:\/\/cereco.net\/web\/?page_id=1078"},"modified":"2020-02-07T10:01:57","modified_gmt":"2020-02-07T09:01:57","slug":"observatoire-de-la-commande-publique","status":"publish","type":"page","link":"https:\/\/cereco.net\/web\/index.php\/observatoire-de-la-commande-publique\/","title":{"rendered":"Commande publique"},"content":{"rendered":"Vous devez \u00eatre connect\u00e9 pour voir ce contenu.","protected":false},"excerpt":{"rendered":"Vous devez \u00eatre connect\u00e9 pour voir ce contenu.","protected":false},"author":1,"featured_media":0,"parent":0,"menu_order":0,"comment_status":"closed","ping_status":"closed","template":"","meta":[],"_links":{"self":[{"href":"https:\/\/cereco.net\/web\/index.php\/wp-json\/wp\/v2\/pages\/1078"}],"collection":[{"href":"https:\/\/cereco.net\/web\/index.php\/wp-json\/wp\/v2\/pages"}],"about":[{"href":"https:\/\/cereco.net\/web\/index.php\/wp-json\/wp\/v2\/types\/page"}],"author":[{"embeddable":true,"href":"https:\/\/cereco.net\/web\/index.php\/wp-json\/wp\/v2\/users\/1"}],"replies":[{"embeddable":true,"href":"https:\/\/cereco.net\/web\/index.php\/wp-json\/wp\/v2\/comments?post=1078"}],"version-history":[{"count":29,"href":"https:\/\/cereco.net\/web\/index.php\/wp-json\/wp\/v2\/pages\/1078\/revisions"}],"predecessor-version":[{"id":1203,"href":"https:\/\/cereco.net\/web\/index.php\/wp-json\/wp\/v2\/pages\/1078\/revisions\/1203"}],"wp:attachment":[{"href":"https:\/\/cereco.net\/web\/index.php\/wp-json\/wp\/v2\/media?parent=1078"}],"curies":[{"name":"wp","href":"https:\/\/api.w.org\/{rel}","templated":true}]}}