{"id":1066,"date":"2016-01-26T15:28:35","date_gmt":"2016-01-26T14:28:35","guid":{"rendered":"http:\/\/cereco.net\/web\/?page_id=1066"},"modified":"2022-07-20T14:19:12","modified_gmt":"2022-07-20T13:19:12","slug":"emploi-formation","status":"publish","type":"page","link":"https:\/\/cereco.net\/web\/index.php\/emploi-formation\/","title":{"rendered":"Emploi-formation"},"content":{"rendered":"Vous devez \u00eatre connect\u00e9 pour voir ce contenu.","protected":false},"excerpt":{"rendered":"Vous devez \u00eatre connect\u00e9 pour voir ce contenu.","protected":false},"author":1,"featured_media":0,"parent":0,"menu_order":0,"comment_status":"closed","ping_status":"closed","template":"","meta":[],"_links":{"self":[{"href":"https:\/\/cereco.net\/web\/index.php\/wp-json\/wp\/v2\/pages\/1066"}],"collection":[{"href":"https:\/\/cereco.net\/web\/index.php\/wp-json\/wp\/v2\/pages"}],"about":[{"href":"https:\/\/cereco.net\/web\/index.php\/wp-json\/wp\/v2\/types\/page"}],"author":[{"embeddable":true,"href":"https:\/\/cereco.net\/web\/index.php\/wp-json\/wp\/v2\/users\/1"}],"replies":[{"embeddable":true,"href":"https:\/\/cereco.net\/web\/index.php\/wp-json\/wp\/v2\/comments?post=1066"}],"version-history":[{"count":39,"href":"https:\/\/cereco.net\/web\/index.php\/wp-json\/wp\/v2\/pages\/1066\/revisions"}],"predecessor-version":[{"id":3893,"href":"https:\/\/cereco.net\/web\/index.php\/wp-json\/wp\/v2\/pages\/1066\/revisions\/3893"}],"wp:attachment":[{"href":"https:\/\/cereco.net\/web\/index.php\/wp-json\/wp\/v2\/media?parent=1066"}],"curies":[{"name":"wp","href":"https:\/\/api.w.org\/{rel}","templated":true}]}}